{"id":2530,"date":"2016-10-04T19:39:48","date_gmt":"2016-10-04T17:39:48","guid":{"rendered":"http:\/\/geoconsuxf.cluster020.hosting.ovh.net\/nl\/a-votre-service\/"},"modified":"2021-10-15T14:48:54","modified_gmt":"2021-10-15T12:48:54","slug":"services","status":"publish","type":"page","link":"https:\/\/geoconsulting.eu\/nl\/services\/","title":{"rendered":"Diensten"},"content":{"rendered":"\n<div class=\"wp-block-group geoc-timeline-section\"><div class=\"wp-block-group__inner-container is-layout-flow wp-block-group-is-layout-flow\">\n<div class=\"wp-block-group geoc-timeline-section__header\"><div class=\"wp-block-group__inner-container is-layout-flow wp-block-group-is-layout-flow\">\n<h2 class=\"has-h-4-font-size wp-block-heading\">Functionele mix<\/h2>\n\n\n\n<hr class=\"wp-block-separator is-style-default\"\/>\n<\/div><\/div>\n\n\n\n<div class=\"wp-block-columns geoc-mixity-list grimlock-animate__wp-block-columns grimlock-animate__wp-block-columns--fadein is-layout-flex wp-container-core-columns-is-layout-9d6595d7 wp-block-columns-is-layout-flex\">\n<div class=\"wp-block-column is-layout-flow wp-block-column-is-layout-flow\">\n<h4 class=\"wp-block-heading\"><a href=\"https:\/\/geoconsulting.eu\/nl\/residentiel\/\" data-type=\"page\" data-id=\"13664\">Residential<\/a><\/h4>\n\n\n\n<ul class=\"wp-block-list\">\n<li>Waar en hoe ontwikkelt u een winstgevend project?<\/li>\n\n\n\n<li>Hoeveel appartementen\/huizen en van welk type?<\/li>\n\n\n\n<li>Welke verkoopprijs?<\/li>\n\n\n\n<li>Hoe vergemakkelijkt u het verkrijgen van mijn vergunningen<\/li>\n<\/ul>\n<\/div>\n\n\n\n<div class=\"wp-block-column is-layout-flow wp-block-column-is-layout-flow\">\n<h4 class=\"wp-block-heading\"><a href=\"https:\/\/geoconsulting.eu\/nl\/retail\/\" data-type=\"page\" data-id=\"13667\">Retail<\/a><\/h4>\n\n\n\n<p><strong><em>Handel, diensten en horeca<\/em><\/strong><\/p>\n\n\n\n<ul class=\"wp-block-list\">\n<li>Waar moet ik mijn project lokaliseren?<\/li>\n\n\n\n<li>Hoeveel m2 moet ik ontwikkelen en van welk type?<\/li>\n\n\n\n<li>Welke omzet kan ik verwachten?<\/li>\n\n\n\n<li>Hoe verkrijg ik mijn vergunning?<\/li>\n\n\n\n<li>Hoe kan ik mijn aantal bezoekers verhogen? \u00ef Hoe kan ik mijn klantervaring verbeteren?<\/li>\n<\/ul>\n<\/div>\n\n\n\n<div class=\"wp-block-column is-layout-flow wp-block-column-is-layout-flow\">\n<h4 class=\"wp-block-heading\"><a href=\"https:\/\/geoconsulting.eu\/nl\/projets-immobiliers-mixtes\/\" data-type=\"page\" data-id=\"13678\">Mixed-use<\/a><\/h4>\n\n\n\n<ul class=\"wp-block-list\">\n<li>Welke soorten functies moeten worden ge\u00efmplementeerd?<\/li>\n\n\n\n<li>Hoeveel m2?<\/li>\n\n\n\n<li>Hoe kunnen diensten en functies worden gedeeld?<\/li>\n\n\n\n<li>Op welke doelgroepen moet worden gericht?<\/li>\n\n\n\n<li>Welke winstgevendheid kan worden verwacht voor mijn project?<\/li>\n<\/ul>\n<\/div>\n<\/div>\n<\/div><\/div>\n\n\n\n<div class=\"wp-block-group geoc-timeline-section\"><div class=\"wp-block-group__inner-container is-layout-flow wp-block-group-is-layout-flow\">\n<div class=\"wp-block-group geoc-timeline-section__header\"><div class=\"wp-block-group__inner-container is-layout-flow wp-block-group-is-layout-flow\">\n<h2 class=\"has-text-align-right has-h-4-font-size wp-block-heading\"><meta charset=\"utf-8\">Optimale programmering<\/h2>\n\n\n\n<hr class=\"wp-block-separator is-style-default\"\/>\n<\/div><\/div>\n\n\n            <div  class=\" wp-block-grimlock-query-section grimlock-query-section--btn-primary region grimlock-region grimlock-region--mt-0 grimlock-region--mb-0 grimlock-region--pt-0 grimlock-region--pb-0 grimlock-region--12-cols-center-left region--12-cols-center-left grimlock-region--container-fluid region--container-fluid grimlock-section section grimlock-query-section\" style=\"border-top-color:#eceeef;border-top-style:solid;border-top-width:0;border-bottom-color:#eceeef;border-bottom-style:solid;border-bottom-width:0;z-index:5;\"  data-grimlock-animate-scroll-reveal=\"{&quot;origin&quot;:&quot;top&quot;,&quot;distance&quot;:0,&quot;selector&quot;:&quot;.section__header, article, .section__footer&quot;,&quot;duration&quot;:750,&quot;interval&quot;:50,&quot;delay&quot;:500,&quot;rotate&quot;:{&quot;x&quot;:0,&quot;y&quot;:0,&quot;z&quot;:0},&quot;opacity&quot;:0,&quot;scale&quot;:1,&quot;easing&quot;:&quot;cubic-bezier(0.6, 0.2, 0.1, 1)&quot;,&quot;viewFactor&quot;:0.5,&quot;mobile&quot;:false,&quot;reset&quot;:false}\">\n            <div class=\"grimlock-region__inner region__inner\" >\n                <div class=\"grimlock-region__container region__container\">\n                    <div class=\"grimlock-region__row region__row\">\n                        <div class=\"grimlock-region__col grimlock-region__col--1 region__col region__col--1\">\n\t\t\t\t\t\t\t                        <\/div><!-- .region__col -->\n                        <div class=\"grimlock-region__col grimlock-region__col--2 region__col region__col--2\">\n\t\t\t\t\t\t\t\t\t<div class=\"grimlock-section__content section__content\">\n\t\t\t\n\t\t\t\t<div class=\"grimlock-query-section__posts posts grimlock-posts--height-equalized posts--height-equalized grimlock-posts--3-3-3-3-cols-overlay posts--3-3-3-3-cols-overlay grimlock-posts--per-page-4 posts--per-page-4 grimlock-posts--type-geo_service posts--type-geo_service section_posts_reveal\">\n\n\t\t\t\t\t\n\t\t\t\t\t\t<article id=\"post-69f9b33ed0c58\" class=\"post-5531 geo_service type-geo_service status-publish has-post-thumbnail hentry geo_service_tag-featured\">\n\t\t\t\t\t\t\t\t<div class=\"card grimlock-post__card post__card\">\n\t\t\n\t\t\t\t\t\t\t<div class=\"card-media\">\n\n\t\t\t\t\t\n\t\t\t\t\t\t\t\t\t\t<a href=\"https:\/\/geoconsulting.eu\/nl\/geo_service\/explore-the-market\/\" class=\"post-thumbnail\" title=\"Explore\" rel=\"bookmark\" >\n\t\t\t\t\t\t<img loading=\"lazy\" decoding=\"async\" width=\"500\" height=\"370\" src=\"https:\/\/geoconsulting.eu\/wp-content\/uploads\/2021\/08\/service-explore-500x370.jpg\" class=\"card-img wp-post-image\" alt=\"\" \/>\t\t\t\t\t<\/a>\n\t\t\t\t<\/div><!-- .card-media -->\n\t\t\t\n\t\t\n\t\t<div class=\"card-body\">\n\t\t\t\t\t\t\t<div class=\"geoc-service-icon\">\n\t\t\t\t\t<img loading=\"lazy\" decoding=\"async\" width=\"120\" height=\"120\" src=\"https:\/\/geoconsulting.eu\/wp-content\/uploads\/2017\/11\/explore-120.png\" class=\"attachment-medium size-medium\" alt=\"\" srcset=\"https:\/\/geoconsulting.eu\/wp-content\/uploads\/2017\/11\/explore-120.png 120w, https:\/\/geoconsulting.eu\/wp-content\/uploads\/2017\/11\/explore-120-250x250.png 250w, https:\/\/geoconsulting.eu\/wp-content\/uploads\/2017\/11\/explore-120-400x400.png 400w, https:\/\/geoconsulting.eu\/wp-content\/uploads\/2017\/11\/explore-120-500x500.png 500w, https:\/\/geoconsulting.eu\/wp-content\/uploads\/2017\/11\/explore-120-600x600.png 600w\" sizes=\"auto, (max-width: 120px) 100vw, 120px\" \/>\t\t\t\t<\/div>\n\t\t\t\t<header class=\"entry-header clearfix\">\n\t\t<h2 class=\"entry-title\"><a href=\"https:\/\/geoconsulting.eu\/nl\/geo_service\/explore-the-market\/\" rel=\"bookmark\" >Explore<\/a><\/h2>\t<\/header><!-- .entry-header -->\n\t\t\t\t<div class=\"entry-summary clearfix\">\n\t\t\t\t<p>Wat zijn de gebieden met veel potentieel in mijn project? <br \/>Welke is de optimale positionering voor mijn project?<\/p>\n<a href=\"https:\/\/geoconsulting.eu\/nl\/geo_service\/explore-the-market\/\" title=\"Explore\" class=\"more-link btn btn-link\" >Continue reading <span class=\"screen-reader-text sr-only\">&#8220;Explore&#8221;<\/span> <span class=\"meta-nav\">&rarr;<\/span><\/a>\t\t\t<\/div><!-- .entry-summary -->\n\t\t\t\t<\/div><!-- .card-body -->\n\n\t\t\t<\/div><!-- .card -->\n\t\t\t\t\t\t\t<\/article><!-- #post-## -->\n\n\t\t\t\t\t\n\t\t\t\t\t\t<article id=\"post-69f9b33ed4010\" class=\"post-5486 geo_service type-geo_service status-publish has-post-thumbnail hentry geo_service_tag-featured\">\n\t\t\t\t\t\t\t\t<div class=\"card grimlock-post__card post__card\">\n\t\t\n\t\t\t\t\t\t\t<div class=\"card-media\">\n\n\t\t\t\t\t\n\t\t\t\t\t\t\t\t\t\t<a href=\"https:\/\/geoconsulting.eu\/nl\/geo_service\/modelize-your-business\/\" class=\"post-thumbnail\" title=\"Modelize\" rel=\"bookmark\" >\n\t\t\t\t\t\t<img loading=\"lazy\" decoding=\"async\" width=\"500\" height=\"370\" src=\"https:\/\/geoconsulting.eu\/wp-content\/uploads\/2017\/11\/500_F_80123240_tFs4jo2LIN1flnaeIpZaPxNopFPecAGL-500x370.jpg\" class=\"card-img wp-post-image\" alt=\"\" \/>\t\t\t\t\t<\/a>\n\t\t\t\t<\/div><!-- .card-media -->\n\t\t\t\n\t\t\n\t\t<div class=\"card-body\">\n\t\t\t\t\t\t\t<div class=\"geoc-service-icon\">\n\t\t\t\t\t<img loading=\"lazy\" decoding=\"async\" width=\"120\" height=\"120\" src=\"https:\/\/geoconsulting.eu\/wp-content\/uploads\/2017\/11\/modelize-120.png\" class=\"attachment-medium size-medium\" alt=\"\" srcset=\"https:\/\/geoconsulting.eu\/wp-content\/uploads\/2017\/11\/modelize-120.png 120w, https:\/\/geoconsulting.eu\/wp-content\/uploads\/2017\/11\/modelize-120-250x250.png 250w, https:\/\/geoconsulting.eu\/wp-content\/uploads\/2017\/11\/modelize-120-400x400.png 400w, https:\/\/geoconsulting.eu\/wp-content\/uploads\/2017\/11\/modelize-120-500x500.png 500w, https:\/\/geoconsulting.eu\/wp-content\/uploads\/2017\/11\/modelize-120-600x600.png 600w\" sizes=\"auto, (max-width: 120px) 100vw, 120px\" \/>\t\t\t\t<\/div>\n\t\t\t\t<header class=\"entry-header clearfix\">\n\t\t<h2 class=\"entry-title\"><a href=\"https:\/\/geoconsulting.eu\/nl\/geo_service\/modelize-your-business\/\" rel=\"bookmark\" >Modelize<\/a><\/h2>\t<\/header><!-- .entry-header -->\n\t\t\t\t<div class=\"entry-summary clearfix\">\n\t\t\t\t<p>Welke omzet kan ik verwachten?<\/p>\n<a href=\"https:\/\/geoconsulting.eu\/nl\/geo_service\/modelize-your-business\/\" title=\"Modelize\" class=\"more-link btn btn-link\" >Continue reading <span class=\"screen-reader-text sr-only\">&#8220;Modelize&#8221;<\/span> <span class=\"meta-nav\">&rarr;<\/span><\/a>\t\t\t<\/div><!-- .entry-summary -->\n\t\t\t\t<\/div><!-- .card-body -->\n\n\t\t\t<\/div><!-- .card -->\n\t\t\t\t\t\t\t<\/article><!-- #post-## -->\n\n\t\t\t\t\t\n\t\t\t\t\t\t<article id=\"post-69f9b33ed634f\" class=\"post-5495 geo_service type-geo_service status-publish has-post-thumbnail hentry geo_service_tag-featured\">\n\t\t\t\t\t\t\t\t<div class=\"card grimlock-post__card post__card\">\n\t\t\n\t\t\t\t\t\t\t<div class=\"card-media\">\n\n\t\t\t\t\t\n\t\t\t\t\t\t\t\t\t\t<a href=\"https:\/\/geoconsulting.eu\/nl\/geo_service\/legalize-your-demand\/\" class=\"post-thumbnail\" title=\"Legalize\" rel=\"bookmark\" >\n\t\t\t\t\t\t<img loading=\"lazy\" decoding=\"async\" width=\"500\" height=\"333\" src=\"https:\/\/geoconsulting.eu\/wp-content\/uploads\/2021\/04\/geoc-livre-blanc.jpg\" class=\"card-img wp-post-image\" alt=\"\" srcset=\"https:\/\/geoconsulting.eu\/wp-content\/uploads\/2021\/04\/geoc-livre-blanc.jpg 1800w, https:\/\/geoconsulting.eu\/wp-content\/uploads\/2021\/04\/geoc-livre-blanc-600x400.jpg 600w, https:\/\/geoconsulting.eu\/wp-content\/uploads\/2021\/04\/geoc-livre-blanc-1024x683.jpg 1024w, https:\/\/geoconsulting.eu\/wp-content\/uploads\/2021\/04\/geoc-livre-blanc-768x512.jpg 768w, https:\/\/geoconsulting.eu\/wp-content\/uploads\/2021\/04\/geoc-livre-blanc-1536x1024.jpg 1536w, https:\/\/geoconsulting.eu\/wp-content\/uploads\/2021\/04\/geoc-livre-blanc-250x167.jpg 250w\" sizes=\"auto, (max-width: 500px) 100vw, 500px\" \/>\t\t\t\t\t<\/a>\n\t\t\t\t<\/div><!-- .card-media -->\n\t\t\t\n\t\t\n\t\t<div class=\"card-body\">\n\t\t\t\t\t\t\t<div class=\"geoc-service-icon\">\n\t\t\t\t\t<img loading=\"lazy\" decoding=\"async\" width=\"120\" height=\"120\" src=\"https:\/\/geoconsulting.eu\/wp-content\/uploads\/2017\/11\/legalize-120.png\" class=\"attachment-medium size-medium\" alt=\"\" srcset=\"https:\/\/geoconsulting.eu\/wp-content\/uploads\/2017\/11\/legalize-120.png 120w, https:\/\/geoconsulting.eu\/wp-content\/uploads\/2017\/11\/legalize-120-250x250.png 250w, https:\/\/geoconsulting.eu\/wp-content\/uploads\/2017\/11\/legalize-120-400x400.png 400w, https:\/\/geoconsulting.eu\/wp-content\/uploads\/2017\/11\/legalize-120-500x500.png 500w, https:\/\/geoconsulting.eu\/wp-content\/uploads\/2017\/11\/legalize-120-600x600.png 600w\" sizes=\"auto, (max-width: 120px) 100vw, 120px\" \/>\t\t\t\t<\/div>\n\t\t\t\t<header class=\"entry-header clearfix\">\n\t\t<h2 class=\"entry-title\"><a href=\"https:\/\/geoconsulting.eu\/nl\/geo_service\/legalize-your-demand\/\" rel=\"bookmark\" >Legalize<\/a><\/h2>\t<\/header><!-- .entry-header -->\n\t\t\t\t<div class=\"entry-summary clearfix\">\n\t\t\t\t<p>Hoe krijg ik mijn omgevingsvergunning? <\/p>\n<a href=\"https:\/\/geoconsulting.eu\/nl\/geo_service\/legalize-your-demand\/\" title=\"Legalize\" class=\"more-link btn btn-link\" >Continue reading <span class=\"screen-reader-text sr-only\">&#8220;Legalize&#8221;<\/span> <span class=\"meta-nav\">&rarr;<\/span><\/a>\t\t\t<\/div><!-- .entry-summary -->\n\t\t\t\t<\/div><!-- .card-body -->\n\n\t\t\t<\/div><!-- .card -->\n\t\t\t\t\t\t\t<\/article><!-- #post-## -->\n\n\t\t\t\t\t\n\t\t\t\t\t\t<article id=\"post-69f9b33ed87f3\" class=\"post-5505 geo_service type-geo_service status-publish has-post-thumbnail hentry geo_service_tag-featured\">\n\t\t\t\t\t\t\t\t<div class=\"card grimlock-post__card post__card\">\n\t\t\n\t\t\t\t\t\t\t<div class=\"card-media\">\n\n\t\t\t\t\t\n\t\t\t\t\t\t\t\t\t\t<a href=\"https:\/\/geoconsulting.eu\/nl\/geo_service\/optimize-your-performance\/\" class=\"post-thumbnail\" title=\"Optimize\" rel=\"bookmark\" >\n\t\t\t\t\t\t<img loading=\"lazy\" decoding=\"async\" width=\"500\" height=\"370\" src=\"https:\/\/geoconsulting.eu\/wp-content\/uploads\/2017\/11\/heidi-fin-2TLREZi7BUg-unsplash-500x370.jpg\" class=\"card-img wp-post-image\" alt=\"\" \/>\t\t\t\t\t<\/a>\n\t\t\t\t<\/div><!-- .card-media -->\n\t\t\t\n\t\t\n\t\t<div class=\"card-body\">\n\t\t\t\t\t\t\t<div class=\"geoc-service-icon\">\n\t\t\t\t\t<img loading=\"lazy\" decoding=\"async\" width=\"120\" height=\"120\" src=\"https:\/\/geoconsulting.eu\/wp-content\/uploads\/2017\/11\/optimize-120.png\" class=\"attachment-medium size-medium\" alt=\"\" srcset=\"https:\/\/geoconsulting.eu\/wp-content\/uploads\/2017\/11\/optimize-120.png 120w, https:\/\/geoconsulting.eu\/wp-content\/uploads\/2017\/11\/optimize-120-250x250.png 250w, https:\/\/geoconsulting.eu\/wp-content\/uploads\/2017\/11\/optimize-120-400x400.png 400w, https:\/\/geoconsulting.eu\/wp-content\/uploads\/2017\/11\/optimize-120-500x500.png 500w, https:\/\/geoconsulting.eu\/wp-content\/uploads\/2017\/11\/optimize-120-600x600.png 600w\" sizes=\"auto, (max-width: 120px) 100vw, 120px\" \/>\t\t\t\t<\/div>\n\t\t\t\t<header class=\"entry-header clearfix\">\n\t\t<h2 class=\"entry-title\"><a href=\"https:\/\/geoconsulting.eu\/nl\/geo_service\/optimize-your-performance\/\" rel=\"bookmark\" >Optimize<\/a><\/h2>\t<\/header><!-- .entry-header -->\n\t\t\t\t<div class=\"entry-summary clearfix\">\n\t\t\t\t<p>Hoe kan ik de aantrekkelijkheid van mijn commercieel centrum vergroten?<\/p>\n<a href=\"https:\/\/geoconsulting.eu\/nl\/geo_service\/optimize-your-performance\/\" title=\"Optimize\" class=\"more-link btn btn-link\" >Continue reading <span class=\"screen-reader-text sr-only\">&#8220;Optimize&#8221;<\/span> <span class=\"meta-nav\">&rarr;<\/span><\/a>\t\t\t<\/div><!-- .entry-summary -->\n\t\t\t\t<\/div><!-- .card-body -->\n\n\t\t\t<\/div><!-- .card -->\n\t\t\t\t\t\t\t<\/article><!-- #post-## -->\n\n\t\t\t\t\t\n\t\t\t\t<\/div><!-- .grimlock-query-section__posts.posts -->\n\n\t\t\t\t\t<\/div><!-- .section__content -->\n\t\t                        <\/div><!-- .region__col -->\n                    <\/div><!-- .region__row -->\n                <\/div><!-- .region__container -->\n            <\/div><!-- .region__inner -->\n            <\/div><!-- .grimlock-section -->\n\t\t<\/div><\/div>\n\n\n\n<div class=\"wp-block-group geoc-timeline-section d-none\"><div class=\"wp-block-group__inner-container is-layout-flow wp-block-group-is-layout-flow\">\n<div class=\"wp-block-group geoc-timeline-section__header\"><div class=\"wp-block-group__inner-container is-layout-flow wp-block-group-is-layout-flow\">\n<h2 class=\"has-text-align-left has-h-4-font-size wp-block-heading\"><meta charset=\"utf-8\"><meta charset=\"utf-8\">Software<\/h2>\n\n\n\n<hr class=\"wp-block-separator is-style-default\"\/>\n<\/div><\/div>\n\n\n\n<div class=\"wp-block-columns grimlock-animate__wp-block-columns grimlock-animate__wp-block-columns--fadein is-layout-flex wp-container-core-columns-is-layout-9d6595d7 wp-block-columns-is-layout-flex\">\n<div class=\"wp-block-column is-layout-flow wp-block-column-is-layout-flow\">\t\t\t<div  class=\" wp-block-grimlock-section grimlock-section--btn-primary grimlock-section--nos-solutions-pour-aujourdhui-et-demain region grimlock-region grimlock-region--mt-0 grimlock-region--mb-0 grimlock-region--pt-6 grimlock-region--pb-6 grimlock-region--12-cols-left-content-inline region--12-cols-left-content-inline grimlock-region--container-classic region--container-classic grimlock-section section\" style=\"background-image:url(https:\/\/geoconsulting.eu\/wp-content\/uploads\/2021\/01\/geo-map-software.jpg);background-repeat:no-repeat;background-position:center;background-size:cover;-webkit-background-size:cover;background-attachment:scroll;border-top-color:#EFEFEF;border-top-style:solid;border-top-width:0;border-bottom-color:#EFEFEF;border-bottom-style:solid;border-bottom-width:0;z-index:0;color:rgb(255, 255, 255);\"  >\n\t\t\t<div class=\"region__inner\" style=\"padding-top:6%;padding-bottom:6%;background:linear-gradient(135deg,rgb(28,29,49) 35%,rgba(28,29,49,0.6) 100%);background-color:rgba(255,255,255,0);\">\n\t\t\t\t<div class=\"region__container\">\n\t\t\t\t\t<div class=\"region__row\">\n\t\t\t\t\t\t<div class=\"region__col region__col--1\" >\n\t\t\t\t\t\t\t<div class=\"grimlock-reveal-element grimlock-reveal-element--thumbnail\" >\n\t\t\t\t\t\t\t\t\t\t\t\t\t\t\t<\/div>\n\t\t\t\t\t\t<\/div><!-- .region__col -->\n\t\t\t\t\t\t<div class=\"region__col region__col--2\" >\n\t\t\t\t\t\t\t<div class=\"grimlock-reveal-element grimlock-reveal-element--content\" >\n\t\t\t\t\t\t\t\t\t        <div class=\"grimlock-section__header section__header\">\n\t\t\t\t\n            <h2 class=\"grimlock-section__title section__title grimlock-display-3 display-3\" style=\"color:rgb(255, 255, 255);\">\n\t\t\t\tNos solutions pour aujourd&#8217;hui et demain            <\/h2>\n\t\t\t\t\t\t\t<h3 class=\"grimlock-section__subtitle section__subtitle grimlock-lead lead\" style=\"color:rgb(255, 255, 255);\">\n\t\t\t\t\tL\u2019innovation est un levier fondamental de notre m\u00e9tier. Elle est au coeur de notre philosophie de travail et nous permet de vous proposer des solutions toujours mieux cibl\u00e9es et personnalis\u00e9es, adapt\u00e9es aux environnements complexes et mouvants.\t\t\t\t<\/h3>\n\t\t\t\t        <\/div><!-- .section__header -->\n\t\t\t\t        <div class=\"grimlock-section__footer section__footer\">\n\t            \n            <a href=\"#\" class=\"grimlock-section__btn grimlock-section__btn--1 section__btn btn grimlock-btn-primary btn-primary\" >\n\t            Nos solutions Software            <\/a>\n\t\t\t\t            \t        <\/div><!-- .section__footer -->\n\t\t\t\t\t\t\t\t\t\t<\/div>\n\t\t\t\t\t\t<\/div><!-- .region__col -->\n\t\t\t\t\t<\/div><!-- .region__row -->\n\t\t\t\t<\/div><!-- .region__container -->\n\t\t\t<\/div><!-- .region__inner -->\n\t\t\t<\/div><!-- .grimlock-section -->\n\t\t<\/div>\n<\/div>\n<\/div><\/div>\n","protected":false},"excerpt":{"rendered":"<p>Wij staan ten dienste van uw ambities<\/p>\n","protected":false},"author":1,"featured_media":11234,"parent":0,"menu_order":48,"comment_status":"closed","ping_status":"closed","template":"template-classic-12-cols-left.php","meta":{"_acf_changed":false,"footnotes":""},"class_list":["post-2530","page","type-page","status-publish","has-post-thumbnail","hentry"],"acf":[],"_links":{"self":[{"href":"https:\/\/geoconsulting.eu\/nl\/wp-json\/wp\/v2\/pages\/2530","targetHints":{"allow":["GET"]}}],"collection":[{"href":"https:\/\/geoconsulting.eu\/nl\/wp-json\/wp\/v2\/pages"}],"about":[{"href":"https:\/\/geoconsulting.eu\/nl\/wp-json\/wp\/v2\/types\/page"}],"author":[{"embeddable":true,"href":"https:\/\/geoconsulting.eu\/nl\/wp-json\/wp\/v2\/users\/1"}],"replies":[{"embeddable":true,"href":"https:\/\/geoconsulting.eu\/nl\/wp-json\/wp\/v2\/comments?post=2530"}],"version-history":[{"count":0,"href":"https:\/\/geoconsulting.eu\/nl\/wp-json\/wp\/v2\/pages\/2530\/revisions"}],"wp:featuredmedia":[{"embeddable":true,"href":"https:\/\/geoconsulting.eu\/nl\/wp-json\/wp\/v2\/media\/11234"}],"wp:attachment":[{"href":"https:\/\/geoconsulting.eu\/nl\/wp-json\/wp\/v2\/media?parent=2530"}],"curies":[{"name":"wp","href":"https:\/\/api.w.org\/{rel}","templated":true}]}}